{"id":1550,"date":"2021-01-22T10:57:02","date_gmt":"2021-01-22T10:57:02","guid":{"rendered":"https:\/\/bsrulman.com\/?page_id=14"},"modified":"2022-09-20T07:46:10","modified_gmt":"2022-09-20T07:46:10","slug":"hakkimizda","status":"publish","type":"page","link":"https:\/\/bsrulman.com\/index.php\/hakkimizda\/","title":{"rendered":"Hakk\u0131m\u0131zda"},"content":{"rendered":"<div class=\"fusion-fullwidth fullwidth-box fusion-builder-row-1 fusion-flex-container nonhundred-percent-fullwidth non-hundred-percent-height-scrolling\" style=\"background-color: rgba(255,255,255,0);background-position: center center;background-repeat: no-repeat;border-width: 0px 0px 0px 0px;border-color:var(--awb-color3);border-style:solid;\" ><div class=\"fusion-builder-row fusion-row fusion-flex-align-items-flex-start fusion-flex-justify-content-center\" style=\"max-width:calc( 1200px + 80px );margin-left: calc(-80px \/ 2 );margin-right: calc(-80px \/ 2 );\"><div class=\"fusion-layout-column fusion_builder_column fusion-builder-column-0 fusion_builder_column_4_5 4_5 fusion-flex-column fusion-animated\" data-animationType=\"fadeIn\" data-animationDuration=\"1.0\" data-animationOffset=\"top-into-view\"><div class=\"fusion-column-wrapper fusion-flex-justify-content-flex-start fusion-content-layout-column\" style=\"background-position:left top;background-repeat:no-repeat;-webkit-background-size:cover;-moz-background-size:cover;-o-background-size:cover;background-size:cover;padding: 0px 0px 0px 0px;\"><div class=\"fusion-text fusion-text-1 fusion-text-no-margin\" style=\"text-align:center;font-size:var(--awb-typography2-font-size);line-height:var(--awb-typography2-line-height);letter-spacing:var(--awb-typography2-letter-spacing);text-transform:var(--awb-typography2-text-transform);font-family:var(--awb-typography2-font-family);font-weight:var(--awb-typography2-font-weight);font-style:var(--awb-typography2-font-style);margin-bottom:10px;\"><p>BS RULMAN<\/p>\n<\/div><style type=\"text\/css\">@media only screen and (max-width:1024px) {.fusion-title.fusion-title-1{margin-top:10px!important; margin-right:0px!important;margin-bottom:30px!important;margin-left:0px!important;}}@media only screen and (max-width:640px) {.fusion-title.fusion-title-1{margin-top:10px!important; margin-right:0px!important;margin-bottom:30px!important; margin-left:0px!important;}}<\/style><div class=\"fusion-title title fusion-title-1 fusion-sep-none fusion-title-center fusion-title-text fusion-title-size-two\" style=\"margin-top:10px;margin-right:0px;margin-bottom:30px;margin-left:0px;\"><h2 class=\"title-heading-center\" style=\"margin:0;letter-spacing:-1px;text-transform:capitalize;\">G\u00fcven, Kalite &amp; Uygun Fiyat<\/h2><\/div><div class=\"fusion-text fusion-text-2 fusion-text-no-margin\" style=\"text-align:center;margin-right:10%;margin-left:10%;\"><p>\u015eirketimiz ya\u015fad\u0131\u011f\u0131 \u00e7a\u011f\u0131 anlam\u0131\u015f gen\u00e7 dinamik \u00e7al\u0131\u015fkan ekibi ile m\u00fc\u015fterilerin hizmetine ko\u015fmakta ve yapt\u0131\u011f\u0131 uygulamalar ile \u00f6nemli ba\u015far\u0131lara imza atmatad\u0131r. \u201c M\u00fc\u015fteri memnuniyeti \u201d odakl\u0131 \u00e7al\u0131\u015fan \u015firketimiz b\u00fct\u00fcn \u00e7al\u0131\u015ft\u0131\u011f\u0131 \u015firketleri kendi \u015firketi gibi d\u00fc\u015f\u00fcnerek m\u00fc\u015fterilerine ekibmizden maksimum fayday\u0131 sa\u011flamaya \u00e7al\u0131\u015fmaktad\u0131r. M\u00fc\u015fteri istek ve dilekleri \u00f6l\u00e7\u00fcs\u00fcnde, istenen hizmetler m\u00fc\u015fteri ile kesintisiz f ikir teatisi ile maksimum verimde verilmektedir.<\/p>\n<p>\u00c7al\u0131\u015fma prensibimizin ilk ad\u0131m\u0131 m\u00fc\u015fterimizi tan\u0131mak \u2018 \u2026 Bunda m\u00fc\u015fterimizin yapt\u0131\u011f\u0131 \u00e7al\u0131\u015fmalar ama\u00e7lar\u0131 hedefleri, personeli gibi \u015firketi tan\u0131maya y\u00f6nelik \u00e7al\u0131\u015fmalar yap\u0131lmaktad\u0131r. Sonraki ad\u0131m\u0131m\u0131zda m\u00fc\u015fterimizin ekibimizden nas\u0131l istifade edebilece\u011fi m\u00fc\u015fteri ile fikir teatisinde bulunularak \u00e7\u00f6z\u00fcmlenmekte, ve \u00e7\u00f6z\u00fcm\u00fcn uygulamas\u0131 esnas\u0131nda da her zaman m\u00fc\u015fteri ilk ikili diyalog halinde bulunarak en m\u00fckemmel sonuca ula\u015f\u0131lmaya \u00e7al\u0131\u015fmaktad\u0131r. Uygulamalar\u0131m\u0131z esnas\u0131nda da her zaman m\u00fc\u015fteri odakl\u0131 \u00e7al\u0131\u015fan ekibimiz yap\u0131lan uygulamalar\u0131n en iyisi yaparcas\u0131na inanmaktay\u0131z.<\/p>\n<p>M\u00fc\u015fteri ile diyalogda mesai saati g\u00f6zetmeyen ekibimiz b\u00fct\u00fcn m\u00fc\u015fterilerine kendi i\u015fini yapma mant\u0131\u011f\u0131 \u00e7er\u00e7evesinde hizmet etmektedir. Yapt\u0131\u011f\u0131 uygulamalar ve prensipleri itibari ile Avrupa standartlar\u0131 \u00f6l\u00e7\u00fcs\u00fcnde hizmet veren ekibimiz gelecekte kendisini daha g\u00fczel g\u00fcnlerin bekledi\u011fine olan inanc\u0131 tamd\u0131r. Birlikte \u00e7al\u0131\u015ft\u0131\u011f\u0131m\u0131z b\u00fct\u00fcn m\u00fc\u015fterilerimize bizi tercih ettikleri i\u00e7in te\u015fekk\u00fcr ederiz.<\/p>\n<\/div><\/div><style type=\"text\/css\">.fusion-body .fusion-builder-column-0{width:80% !important;margin-top : 0px;margin-bottom : 80px;}.fusion-builder-column-0 > .fusion-column-wrapper {padding-top : 0px !important;padding-right : 0px !important;margin-right : 40px;padding-bottom : 0px !important;padding-left : 0px !important;margin-left : 40px;}@media only screen and (max-width:1024px) {.fusion-body .fusion-builder-column-0{width:80% !important;order : 0;margin-bottom : 70px;}.fusion-builder-column-0 > .fusion-column-wrapper {margin-right : 40px;margin-left : 40px;}}@media only screen and (max-width:640px) {.fusion-body .fusion-builder-column-0{width:100% !important;order : 0;margin-bottom : 50px;}.fusion-builder-column-0 > .fusion-column-wrapper {margin-right : 40px;margin-left : 40px;}}<\/style><\/div><div class=\"fusion-layout-column fusion_builder_column fusion-builder-column-1 fusion_builder_column_1_1 1_1 fusion-flex-column dany fusion-animated\" data-animationType=\"fadeInUp\" data-animationDuration=\"1.3\" data-animationOffset=\"top-into-view\"><div class=\"fusion-column-wrapper lazyload fusion-column-has-shadow fusion-flex-justify-content-center fusion-content-layout-column\" style=\"background-image: linear-gradient(144deg, hsla(var(--awb-color8-h),var(--awb-color8-s),var(--awb-color8-l),calc( var(--awb-color8-a) - 75% )) 0%,hsla(var(--awb-color8-h),var(--awb-color8-s),var(--awb-color8-l),calc( var(--awb-color8-a) - 75% )) 100%);background-position:center top;background-repeat:no-repeat;-webkit-background-size:cover;-moz-background-size:cover;-o-background-size:cover;background-size:cover;background-color:var(--awb-color2);box-shadow:20px 20px 0px 0px hsla(var(--awb-color8-h),var(--awb-color8-s),calc( var(--awb-color8-l) + 94% ),var(--awb-color8-a));;padding: 110px 130px 105px 130px;\" data-bg-url=\"https:\/\/bsrulman.com\/wp-content\/uploads\/2021\/10\/banner-05.jpg\" data-bg=\"https:\/\/bsrulman.com\/wp-content\/uploads\/2021\/10\/banner-05.jpg\" data-bg-gradient=\"linear-gradient(144deg, hsla(var(--awb-color8-h),var(--awb-color8-s),var(--awb-color8-l),calc( var(--awb-color8-a) - 75% )) 0%,hsla(var(--awb-color8-h),var(--awb-color8-s),var(--awb-color8-l),calc( var(--awb-color8-a) - 75% )) 100%)\"><div class=\"fusion-builder-row fusion-builder-row-inner fusion-row fusion-flex-align-items-flex-start fusion-flex-justify-content-center\" style=\"width:calc( 100% + 80px ) !important;max-width:calc( 100% + 80px ) !important;margin-left: calc(-80px \/ 2 );margin-right: calc(-80px \/ 2 );\"><div class=\"fusion-layout-column fusion_builder_column_inner fusion-builder-nested-column-0 fusion_builder_column_inner_1_2 1_2 fusion-flex-column fusion-animated\" data-animationType=\"fadeInRight\" data-animationDuration=\"1.3\" data-animationOffset=\"top-into-view\"><div class=\"fusion-column-wrapper fusion-flex-justify-content-flex-start fusion-content-layout-column\" style=\"background-position:left top;background-repeat:no-repeat;-webkit-background-size:cover;-moz-background-size:cover;-o-background-size:cover;background-size:cover;padding: 0px 0px 0px 0px;\"><div class=\"fusion-text fusion-text-3 fusion-text-no-margin\" style=\"font-size:32px;line-height:40px;letter-spacing:0px;color:var(--awb-color1);margin-top:15px;\"><p>%100 M\u00fc\u015fteri Memnuniyeti<\/p>\n<\/div><\/div><style type=\"text\/css\">.fusion-body .fusion-builder-nested-column-0{width:50% !important;margin-top : 0px;margin-bottom : 0px;}.fusion-builder-nested-column-0 > .fusion-column-wrapper {padding-top : 0px !important;padding-right : 0px !important;margin-right : 40px;padding-bottom : 0px !important;padding-left : 0px !important;margin-left : calc( 0.04 * calc( 100% - 80px ) );}@media only screen and (max-width:1024px) {.fusion-body .fusion-builder-nested-column-0{width:100% !important;order : 0;}.fusion-builder-nested-column-0 > .fusion-column-wrapper {margin-right : 40px;margin-left : calc( 0.02 * calc( 100% - 80px ) );}}@media only screen and (max-width:640px) {.fusion-body .fusion-builder-nested-column-0{width:100% !important;order : 0;}.fusion-builder-nested-column-0 > .fusion-column-wrapper {margin-right : 40px;margin-left : 40px;}}<\/style><\/div><\/div><\/div><style type=\"text\/css\">.fusion-body .fusion-builder-column-1{width:100% !important;margin-top : 0px;margin-bottom : 120px;}.fusion-builder-column-1 > .fusion-column-wrapper {padding-top : 110px !important;padding-right : 130px !important;margin-right : 40px;padding-bottom : 105px !important;padding-left : 130px !important;margin-left : 40px;}@media only screen and (max-width:1024px) {.fusion-body .fusion-builder-column-1{width:100% !important;order : 2;}.fusion-builder-column-1 > .fusion-column-wrapper {padding-top : 80px !important;padding-right : 80px !important;margin-right : 40px;padding-bottom : 80px !important;padding-left : 80px !important;margin-left : 40px;}}@media only screen and (max-width:640px) {.fusion-body .fusion-builder-column-1{width:100% !important;order : 1;margin-bottom : 40px;}.fusion-builder-column-1 > .fusion-column-wrapper {padding-top : 48px !important;padding-right : 48px !important;margin-right : 40px;padding-bottom : 48px !important;padding-left : 48px !important;margin-left : 40px;}}<\/style><\/div><\/div><style type=\"text\/css\">.fusion-body .fusion-flex-container.fusion-builder-row-1{ padding-top : 30px;margin-top : 0px;padding-right : 0px;padding-bottom : 0px;margin-bottom : 0px;padding-left : 0px;}@media only screen and (max-width:640px) {.fusion-body .fusion-flex-container.fusion-builder-row-1{ padding-top : 0px;}}<\/style><\/div>\n","protected":false},"excerpt":{"rendered":"","protected":false},"author":1,"featured_media":0,"parent":0,"menu_order":0,"comment_status":"closed","ping_status":"closed","template":"100-width.php","meta":{"footnotes":""},"class_list":["post-1550","page","type-page","status-publish","hentry"],"_links":{"self":[{"href":"https:\/\/bsrulman.com\/index.php\/wp-json\/wp\/v2\/pages\/1550","targetHints":{"allow":["GET"]}}],"collection":[{"href":"https:\/\/bsrulman.com\/index.php\/wp-json\/wp\/v2\/pages"}],"about":[{"href":"https:\/\/bsrulman.com\/index.php\/wp-json\/wp\/v2\/types\/page"}],"author":[{"embeddable":true,"href":"https:\/\/bsrulman.com\/index.php\/wp-json\/wp\/v2\/users\/1"}],"replies":[{"embeddable":true,"href":"https:\/\/bsrulman.com\/index.php\/wp-json\/wp\/v2\/comments?post=1550"}],"version-history":[{"count":2,"href":"https:\/\/bsrulman.com\/index.php\/wp-json\/wp\/v2\/pages\/1550\/revisions"}],"predecessor-version":[{"id":1694,"href":"https:\/\/bsrulman.com\/index.php\/wp-json\/wp\/v2\/pages\/1550\/revisions\/1694"}],"wp:attachment":[{"href":"https:\/\/bsrulman.com\/index.php\/wp-json\/wp\/v2\/media?parent=1550"}],"curies":[{"name":"wp","href":"https:\/\/api.w.org\/{rel}","templated":true}]}}